{"id":202,"date":"2014-10-21T19:28:44","date_gmt":"2014-10-21T19:28:44","guid":{"rendered":"http:\/\/villausora.com\/wp\/?page_id=202"},"modified":"2022-11-17T18:01:52","modified_gmt":"2022-11-17T18:01:52","slug":"pocetna-3","status":"publish","type":"page","link":"https:\/\/www.villausora.com\/index.php\/hr\/","title":{"rendered":"Po\u010detna"},"content":{"rendered":"<p class=\"tekst\"><a href=\"https:\/\/villausora.com\/wp-content\/uploads\/DSC002702.jpg\" data-rel=\"lightbox-image-0\" data-rl_title=\"\" data-rl_caption=\"\" title=\"\"><img decoding=\"async\" loading=\"lazy\" class=\"alignleft size-thumbnail wp-image-508\" src=\"https:\/\/villausora.com\/wp-content\/uploads\/DSC002702-150x150.jpg\" alt=\"DSC00270\" width=\"150\" height=\"150\"><\/a>Villa Usora smje\u0161tena je u srcu turisti\u010dke regije Makarska rivijera, u samom gradu Ba\u0161ka Voda.<\/p>\n<p class=\"tekst\">Ovaj novi turisti\u010dki objekt ure\u0111en je po najvi\u0161im standardima hotelijersko-ugostiteljske djelatnosti, te se nalazi u idili\u010dnom prirodnom okru\u017eenju.<\/p>\n<p class=\"tekst\">Villa Usora odlikuje se ugo\u0111ajem obiteljske tradicije koja vam nudi visokokvalitetan smje\u0161taj u na\u0161im moderno ure\u0111enim apartmanima.<\/p>\n<p class=\"tekst\">Svojim polo\u017eajem postaje idealno odredi\u0161te za aktivni zimski i ljetni odmor tijekom kojeg imate priliku posjetiti obli\u017enji park prirode Biokovo, sveti\u0161ta Me\u0111ugorje i Vepric,gradove Makarsku, Split ili Dubrovnik.<\/p>\n<p class=\"tekst\">Villa Usora svojim gostima nudi smje\u0161taj u modernim apartmanima najvi\u0161e kategorije, te prostrano parkirali\u0161te.<\/p>\n<p class=\"tekst\">Udaljeni smo od centra mjesta 1,2km, od pla\u017ee i mora 350m, od trgovine 50m, a od nudisti\u010dke pla\u017ee 1,5km.<\/p>\n<p class=\"tekst\">Va\u0161i doma\u0107ini<\/p>\n","protected":false},"excerpt":{"rendered":"<p>Villa Usora smje\u0161tena je u srcu turisti\u010dke regije Makarska rivijera, u samom gradu Ba\u0161ka Voda. Ovaj novi turisti\u010dki objekt ure\u0111en je po najvi\u0161im standardima hotelijersko-ugostiteljske djelatnosti, te se nalazi u idili\u010dnom prirodnom okru\u017eenju. Villa Usora odlikuje se ugo\u0111ajem obiteljske tradicije koja vam nudi visokokvalitetan smje\u0161taj u na\u0161im moderno ure\u0111enim apartmanima. Svojim polo\u017eajem postaje idealno odredi\u0161te [&hellip;]<\/p>\n","protected":false},"author":1,"featured_media":0,"parent":0,"menu_order":0,"comment_status":"open","ping_status":"open","template":"","meta":[],"_links":{"self":[{"href":"https:\/\/www.villausora.com\/index.php\/wp-json\/wp\/v2\/pages\/202"}],"collection":[{"href":"https:\/\/www.villausora.com\/index.php\/wp-json\/wp\/v2\/pages"}],"about":[{"href":"https:\/\/www.villausora.com\/index.php\/wp-json\/wp\/v2\/types\/page"}],"author":[{"embeddable":true,"href":"https:\/\/www.villausora.com\/index.php\/wp-json\/wp\/v2\/users\/1"}],"replies":[{"embeddable":true,"href":"https:\/\/www.villausora.com\/index.php\/wp-json\/wp\/v2\/comments?post=202"}],"version-history":[{"count":12,"href":"https:\/\/www.villausora.com\/index.php\/wp-json\/wp\/v2\/pages\/202\/revisions"}],"predecessor-version":[{"id":2783,"href":"https:\/\/www.villausora.com\/index.php\/wp-json\/wp\/v2\/pages\/202\/revisions\/2783"}],"wp:attachment":[{"href":"https:\/\/www.villausora.com\/index.php\/wp-json\/wp\/v2\/media?parent=202"}],"curies":[{"name":"wp","href":"https:\/\/api.w.org\/{rel}","templated":true}]}}