{"id":636,"date":"2014-11-03T20:01:53","date_gmt":"2014-11-03T20:01:53","guid":{"rendered":"http:\/\/villausora.com\/wp\/?page_id=636"},"modified":"2022-11-17T18:02:23","modified_gmt":"2022-11-17T18:02:23","slug":"uvodni-strana","status":"publish","type":"page","link":"https:\/\/www.villausora.com\/index.php\/cs\/","title":{"rendered":"\u00davodn\u00ed strana"},"content":{"rendered":"<p><a href=\"https:\/\/villausora.com\/wp-content\/uploads\/DSC00270.jpg\" data-rel=\"lightbox-image-0\" data-rl_title=\"\" data-rl_caption=\"\" title=\"\"><img decoding=\"async\" loading=\"lazy\" class=\"size-thumbnail wp-image-500 alignleft\" src=\"https:\/\/villausora.com\/wp-content\/uploads\/DSC00270-150x150.jpg\" alt=\"DSC00270\" width=\"150\" height=\"150\"><\/a>Vila Usora se nach\u00e1z\u00ed v srdci turistick\u00e9 oblasti &#8222;Makarsk\u00e1 rivi\u00e9ra&#8220; v obci Ba\u0161ka Voda. Tento nov\u00fd objekt byl za\u0159\u00edzen podle nejvy\u0161\u0161\u00edch standard\u016f z Chorvatsk\u00e9ho turistick\u00e9ho sdru\u017een\u00ed a nach\u00e1z\u00ed se v idylick\u00e9 p\u0159\u00edrodn\u00ed krajin\u011b.<\/p>\n<p>V letn\u00ed sez\u00f3n\u011b nab\u00edz\u00edme kvalitn\u00ed ubytov\u00e1n\u00ed v modern\u00edch apartm\u00e1nech. Jedine\u010dn\u00e1 kombinace k\u0159i\u0161\u0165\u00e1lov\u011b \u010dist\u00e9 mo\u0159e a nedot\u010denou p\u0159\u00edrodu, aby Ba\u0161ka Voda na st\u0159edomo\u0159sk\u00e9 vysn\u011bnou destinac\u00ed pro mlad\u00e9 i star\u00e9.<\/p>\n<p>Na\u0161e skv\u011bl\u00e1 poloha umo\u017e\u0148uje v\u00fdlety do bl\u00edzk\u00e9ho p\u0159\u00edrodn\u00edho parku Biokovo, svat\u00e1 m\u00edsta Med\u017eugorje a Vepric, m\u011bsty Makarska, Split a Dubrovn\u00edk, stejn\u011b jako hr\u00e1d na dva ostrovy Bra\u010d a Hvar.<br \/>\nVila se nach\u00e1z\u00ed&nbsp;1,2km Usora od centra m\u011bsta, 50 metr\u016f od nejbli\u017e\u0161\u00edho obchodu s potravinami, 350m od pl\u00e1\u017ee &#8222;Obala sv. Nikole&#8220; a 1,5km od nejbli\u017e\u0161\u00ed nudistick\u00e1 pl\u00e1\u017e.<\/p>\n<p>Va\u0161i hostitel\u00e9<\/p>\n","protected":false},"excerpt":{"rendered":"<p>Vila Usora se nach\u00e1z\u00ed v srdci turistick\u00e9 oblasti &#8222;Makarsk\u00e1 rivi\u00e9ra&#8220; v obci Ba\u0161ka Voda. Tento nov\u00fd objekt byl za\u0159\u00edzen podle nejvy\u0161\u0161\u00edch standard\u016f z Chorvatsk\u00e9ho turistick\u00e9ho sdru\u017een\u00ed a nach\u00e1z\u00ed se v idylick\u00e9 p\u0159\u00edrodn\u00ed krajin\u011b. V letn\u00ed sez\u00f3n\u011b nab\u00edz\u00edme kvalitn\u00ed ubytov\u00e1n\u00ed v modern\u00edch apartm\u00e1nech. Jedine\u010dn\u00e1 kombinace k\u0159i\u0161\u0165\u00e1lov\u011b \u010dist\u00e9 mo\u0159e a nedot\u010denou p\u0159\u00edrodu, aby Ba\u0161ka Voda na st\u0159edomo\u0159sk\u00e9 [&hellip;]<\/p>\n","protected":false},"author":1,"featured_media":0,"parent":0,"menu_order":0,"comment_status":"open","ping_status":"open","template":"","meta":[],"_links":{"self":[{"href":"https:\/\/www.villausora.com\/index.php\/wp-json\/wp\/v2\/pages\/636"}],"collection":[{"href":"https:\/\/www.villausora.com\/index.php\/wp-json\/wp\/v2\/pages"}],"about":[{"href":"https:\/\/www.villausora.com\/index.php\/wp-json\/wp\/v2\/types\/page"}],"author":[{"embeddable":true,"href":"https:\/\/www.villausora.com\/index.php\/wp-json\/wp\/v2\/users\/1"}],"replies":[{"embeddable":true,"href":"https:\/\/www.villausora.com\/index.php\/wp-json\/wp\/v2\/comments?post=636"}],"version-history":[{"count":13,"href":"https:\/\/www.villausora.com\/index.php\/wp-json\/wp\/v2\/pages\/636\/revisions"}],"predecessor-version":[{"id":2785,"href":"https:\/\/www.villausora.com\/index.php\/wp-json\/wp\/v2\/pages\/636\/revisions\/2785"}],"wp:attachment":[{"href":"https:\/\/www.villausora.com\/index.php\/wp-json\/wp\/v2\/media?parent=636"}],"curies":[{"name":"wp","href":"https:\/\/api.w.org\/{rel}","templated":true}]}}