{"id":751,"date":"2014-11-03T21:07:14","date_gmt":"2014-11-03T21:07:14","guid":{"rendered":"http:\/\/villausora.com\/wp\/?page_id=751"},"modified":"2014-11-03T21:08:52","modified_gmt":"2014-11-03T21:08:52","slug":"baska-voda-6","status":"publish","type":"page","link":"https:\/\/www.villausora.com\/index.php\/pl\/baska-voda-6\/","title":{"rendered":"Baska Voda"},"content":{"rendered":"<p>Baska Voda jest na Riwierze Makarskiej, 15 km na po\u0142udnie od miasta Makarskiej. W ci\u0105gu 30 lat ubieg\u0142ego wieku bracia Sikavica zbudowali pierwszy obiekt turystyczny na miejscu, Hotel Slavija, kt\u00f3ry otrzyma\u0142 medal z Londynu w 1936 roku. Po drugiej wojnie \u015bwiatowej, zbudowano nowe hotele, apartamenty i zajazdy.<\/p>\n<p>Turystyka wzros\u0142a i sta\u0142 si\u0119 w ci\u0105gu ostatnich dziesi\u0119ciu lat najwa\u017cniejszy w bran\u017cy. Dzisiaj Baska Voda oferuje sloneczna pogode, kapiele w morzu, spokojne spacery wsrod zabytk\u00f3w i muzeow. Atrakcyjne imprezy kulturalne i rozrywkowe. Bardzo ciekawe s\u0105 rowniez \u015bwi\u0119ta religijne &#8211; szczeg\u00f3lnie w Wielki Pi\u0105tek (obchodzony przez wszystkie wsie w gminie &#8211; procesja 15 km)do \u00a0St Nikolas, odsuniete od Baska Voda (06 grudnia), i dzie\u0144 \u015awi\u0119tego Wawrzy\u0144ca (10 sierpnia) , w kt\u00f3rym odbywa si\u0119 festiwal we wsp\u00f3\u0142pracy z ch\u00f3rem na Riwierze Makarskiej.<\/p>\n<p>Oferta sportowa i rekreacyjna jest bardzo zr\u00f3\u017cnicowana (tenis, pi\u0142ka no\u017cna, pi\u0142ka r\u0119czna, tenis sto\u0142owy, mini golf, w\u0119dkarstwo, turystyka, itp.) Wieczorem jest mozliwosc zabawy w \u00a0pobliskich barach, na tarasach lub w klubach. Lokalne specja\u0142y oferuje wiele restauracji i zajazd\u00f3w.<\/p>\n<p>S\u0105 te\u017c ciekawe spacery, u podn\u00f3\u017ca masywu g\u00f3rskiego Biokovo, w ktorych okolicach znajduja sie miasteczka Bast i Topice znane z regionalych produktow miedzy innymi sera, szynki i chleba . Ciekawe i Przyjemne s\u0105 rowniez spacery do Promajna i wioska rybacka Bratus gdzie odbywaja sie roznego rodzaju imprezy.<\/p>\n<div id='gallery-1' class='gallery galleryid-751 gallery-columns-4 gallery-size-thumbnail'><figure class='gallery-item'>\n\t\t\t<div class='gallery-icon portrait'>\n\t\t\t\t<a href='https:\/\/www.villausora.com\/wp-content\/uploads\/baska0014.jpg' title=\"\" data-rl_title=\"\" class=\"rl-gallery-link\" data-rl_caption=\"\" data-rel=\"lightbox-gallery-1\"><img width=\"150\" height=\"150\" src=\"https:\/\/www.villausora.com\/wp-content\/uploads\/baska0014-150x150.jpg\" class=\"attachment-thumbnail size-thumbnail\" alt=\"\" decoding=\"async\" loading=\"lazy\" \/><\/a>\n\t\t\t<\/div><\/figure><figure class='gallery-item'>\n\t\t\t<div class='gallery-icon landscape'>\n\t\t\t\t<a href='https:\/\/www.villausora.com\/wp-content\/uploads\/baska0024.jpg' title=\"\" data-rl_title=\"\" class=\"rl-gallery-link\" data-rl_caption=\"\" data-rel=\"lightbox-gallery-1\"><img width=\"150\" height=\"150\" src=\"https:\/\/www.villausora.com\/wp-content\/uploads\/baska0024-150x150.jpg\" class=\"attachment-thumbnail size-thumbnail\" alt=\"\" decoding=\"async\" loading=\"lazy\" \/><\/a>\n\t\t\t<\/div><\/figure><figure class='gallery-item'>\n\t\t\t<div class='gallery-icon landscape'>\n\t\t\t\t<a href='https:\/\/www.villausora.com\/wp-content\/uploads\/baska0034.jpg' title=\"\" data-rl_title=\"\" class=\"rl-gallery-link\" data-rl_caption=\"\" data-rel=\"lightbox-gallery-1\"><img width=\"150\" height=\"150\" src=\"https:\/\/www.villausora.com\/wp-content\/uploads\/baska0034-150x150.jpg\" class=\"attachment-thumbnail size-thumbnail\" alt=\"\" decoding=\"async\" loading=\"lazy\" \/><\/a>\n\t\t\t<\/div><\/figure><figure class='gallery-item'>\n\t\t\t<div class='gallery-icon portrait'>\n\t\t\t\t<a href='https:\/\/www.villausora.com\/wp-content\/uploads\/baska0044.jpg' title=\"\" data-rl_title=\"\" class=\"rl-gallery-link\" data-rl_caption=\"\" data-rel=\"lightbox-gallery-1\"><img width=\"150\" height=\"150\" src=\"https:\/\/www.villausora.com\/wp-content\/uploads\/baska0044-150x150.jpg\" class=\"attachment-thumbnail size-thumbnail\" alt=\"\" decoding=\"async\" loading=\"lazy\" \/><\/a>\n\t\t\t<\/div><\/figure><figure class='gallery-item'>\n\t\t\t<div class='gallery-icon landscape'>\n\t\t\t\t<a href='https:\/\/www.villausora.com\/wp-content\/uploads\/baska0054.jpg' title=\"\" data-rl_title=\"\" class=\"rl-gallery-link\" data-rl_caption=\"\" data-rel=\"lightbox-gallery-1\"><img width=\"150\" height=\"150\" src=\"https:\/\/www.villausora.com\/wp-content\/uploads\/baska0054-150x150.jpg\" class=\"attachment-thumbnail size-thumbnail\" alt=\"\" decoding=\"async\" loading=\"lazy\" \/><\/a>\n\t\t\t<\/div><\/figure><figure class='gallery-item'>\n\t\t\t<div class='gallery-icon landscape'>\n\t\t\t\t<a href='https:\/\/www.villausora.com\/wp-content\/uploads\/baska0064.jpg' title=\"\" data-rl_title=\"\" class=\"rl-gallery-link\" data-rl_caption=\"\" data-rel=\"lightbox-gallery-1\"><img width=\"150\" height=\"150\" src=\"https:\/\/www.villausora.com\/wp-content\/uploads\/baska0064-150x150.jpg\" class=\"attachment-thumbnail size-thumbnail\" alt=\"\" decoding=\"async\" loading=\"lazy\" \/><\/a>\n\t\t\t<\/div><\/figure><figure class='gallery-item'>\n\t\t\t<div class='gallery-icon landscape'>\n\t\t\t\t<a href='https:\/\/www.villausora.com\/wp-content\/uploads\/baska0074.jpg' title=\"\" data-rl_title=\"\" class=\"rl-gallery-link\" data-rl_caption=\"\" data-rel=\"lightbox-gallery-1\"><img width=\"150\" height=\"150\" src=\"https:\/\/www.villausora.com\/wp-content\/uploads\/baska0074-150x150.jpg\" class=\"attachment-thumbnail size-thumbnail\" alt=\"\" decoding=\"async\" loading=\"lazy\" \/><\/a>\n\t\t\t<\/div><\/figure><figure class='gallery-item'>\n\t\t\t<div class='gallery-icon landscape'>\n\t\t\t\t<a href='https:\/\/www.villausora.com\/wp-content\/uploads\/baska0084.jpg' title=\"\" data-rl_title=\"\" class=\"rl-gallery-link\" data-rl_caption=\"\" data-rel=\"lightbox-gallery-1\"><img width=\"150\" height=\"150\" src=\"https:\/\/www.villausora.com\/wp-content\/uploads\/baska0084-150x150.jpg\" class=\"attachment-thumbnail size-thumbnail\" alt=\"\" decoding=\"async\" loading=\"lazy\" \/><\/a>\n\t\t\t<\/div><\/figure><figure class='gallery-item'>\n\t\t\t<div class='gallery-icon portrait'>\n\t\t\t\t<a href='https:\/\/www.villausora.com\/wp-content\/uploads\/baska0094.jpg' title=\"\" data-rl_title=\"\" class=\"rl-gallery-link\" data-rl_caption=\"\" data-rel=\"lightbox-gallery-1\"><img width=\"150\" height=\"150\" src=\"https:\/\/www.villausora.com\/wp-content\/uploads\/baska0094-150x150.jpg\" class=\"attachment-thumbnail size-thumbnail\" alt=\"\" decoding=\"async\" loading=\"lazy\" \/><\/a>\n\t\t\t<\/div><\/figure><figure class='gallery-item'>\n\t\t\t<div class='gallery-icon landscape'>\n\t\t\t\t<a href='https:\/\/www.villausora.com\/wp-content\/uploads\/baska0104.jpg' title=\"\" data-rl_title=\"\" class=\"rl-gallery-link\" data-rl_caption=\"\" data-rel=\"lightbox-gallery-1\"><img width=\"150\" height=\"150\" src=\"https:\/\/www.villausora.com\/wp-content\/uploads\/baska0104-150x150.jpg\" class=\"attachment-thumbnail size-thumbnail\" alt=\"\" decoding=\"async\" loading=\"lazy\" \/><\/a>\n\t\t\t<\/div><\/figure><figure class='gallery-item'>\n\t\t\t<div class='gallery-icon portrait'>\n\t\t\t\t<a href='https:\/\/www.villausora.com\/wp-content\/uploads\/baska0114.jpg' title=\"\" data-rl_title=\"\" class=\"rl-gallery-link\" data-rl_caption=\"\" data-rel=\"lightbox-gallery-1\"><img width=\"150\" height=\"150\" src=\"https:\/\/www.villausora.com\/wp-content\/uploads\/baska0114-150x150.jpg\" class=\"attachment-thumbnail size-thumbnail\" alt=\"\" decoding=\"async\" loading=\"lazy\" \/><\/a>\n\t\t\t<\/div><\/figure><figure class='gallery-item'>\n\t\t\t<div class='gallery-icon landscape'>\n\t\t\t\t<a href='https:\/\/www.villausora.com\/wp-content\/uploads\/baska0124.jpg' title=\"\" data-rl_title=\"\" class=\"rl-gallery-link\" data-rl_caption=\"\" data-rel=\"lightbox-gallery-1\"><img width=\"150\" height=\"150\" src=\"https:\/\/www.villausora.com\/wp-content\/uploads\/baska0124-150x150.jpg\" class=\"attachment-thumbnail size-thumbnail\" alt=\"\" decoding=\"async\" loading=\"lazy\" \/><\/a>\n\t\t\t<\/div><\/figure>\n\t\t<\/div>\n\n<p>&nbsp;<\/p>\n<p>Serdecznie Zapraszamy<\/p>\n","protected":false},"excerpt":{"rendered":"<p>Baska Voda jest na Riwierze Makarskiej, 15 km na po\u0142udnie od miasta Makarskiej. W ci\u0105gu 30 lat ubieg\u0142ego wieku bracia Sikavica zbudowali pierwszy obiekt turystyczny na miejscu, Hotel Slavija, kt\u00f3ry otrzyma\u0142 medal z Londynu w 1936 roku. Po drugiej wojnie \u015bwiatowej, zbudowano nowe hotele, apartamenty i zajazdy. Turystyka wzros\u0142a i sta\u0142 si\u0119 w ci\u0105gu ostatnich [&hellip;]<\/p>\n","protected":false},"author":1,"featured_media":0,"parent":0,"menu_order":4,"comment_status":"closed","ping_status":"closed","template":"","meta":[],"_links":{"self":[{"href":"https:\/\/www.villausora.com\/index.php\/wp-json\/wp\/v2\/pages\/751"}],"collection":[{"href":"https:\/\/www.villausora.com\/index.php\/wp-json\/wp\/v2\/pages"}],"about":[{"href":"https:\/\/www.villausora.com\/index.php\/wp-json\/wp\/v2\/types\/page"}],"author":[{"embeddable":true,"href":"https:\/\/www.villausora.com\/index.php\/wp-json\/wp\/v2\/users\/1"}],"replies":[{"embeddable":true,"href":"https:\/\/www.villausora.com\/index.php\/wp-json\/wp\/v2\/comments?post=751"}],"version-history":[{"count":1,"href":"https:\/\/www.villausora.com\/index.php\/wp-json\/wp\/v2\/pages\/751\/revisions"}],"predecessor-version":[{"id":764,"href":"https:\/\/www.villausora.com\/index.php\/wp-json\/wp\/v2\/pages\/751\/revisions\/764"}],"wp:attachment":[{"href":"https:\/\/www.villausora.com\/index.php\/wp-json\/wp\/v2\/media?parent=751"}],"curies":[{"name":"wp","href":"https:\/\/api.w.org\/{rel}","templated":true}]}}