{"id":765,"date":"2014-11-03T21:11:07","date_gmt":"2014-11-03T21:11:07","guid":{"rendered":"http:\/\/villausora.com\/wp\/?page_id=765"},"modified":"2022-11-17T18:02:09","modified_gmt":"2022-11-17T18:02:09","slug":"strona-glowna","status":"publish","type":"page","link":"https:\/\/www.villausora.com\/index.php\/pl\/","title":{"rendered":"Strona g\u0142\u00f3wna"},"content":{"rendered":"<p><a href=\"https:\/\/villausora.com\/wp-content\/uploads\/DSC002704.jpg\" data-rel=\"lightbox-image-0\" data-rl_title=\"\" data-rl_caption=\"\" title=\"\"><img decoding=\"async\" loading=\"lazy\" class=\"alignleft size-thumbnail wp-image-766\" src=\"https:\/\/villausora.com\/wp-content\/uploads\/DSC002704-150x150.jpg\" alt=\"DSC00270\" width=\"150\" height=\"150\"><\/a>Villa Usora po\u0142o\u017cona jest w samym sercu dzielnicy turystycznej &#8222;Makarska Riviera&#8220; w gminie Baska Voda.<\/p>\n<p>Ten nowy obiekt zosta\u0142 urz\u0105dzony wed\u0142ug najwy\u017cszych standard\u00f3w Chorwackiej Wsp\u00f3lnoty Turystycznej i znajduje si\u0119 w naturalnym malowniczym krajobrazie.<\/p>\n<p>W sezonie letnim oferujemy wysokiej jako\u015bci zakwaterowanie w naszych nowoczesnych apartamentach.<\/p>\n<p>Unikalne po\u0142\u0105czenie krystalicznie czystej wody morskiej i dziewiczej przyrody sprawiaj\u0105 ze Baska Voda w rejonie \u015br\u00f3dziemnomorskim to wymarzone miejsce dla wszystkich ludzi bez wzgledu na wiek.<\/p>\n<p>Nasza doskona\u0142a lokalizacja pozwala na wycieczki do pobliskiego parku przyrody Biokovo, Medjugorje i \u015bwi\u0119tych miejsc Vepric, miasta Makarska, Split i Dubrownik i dw\u00f3ch wysp Brac i Hvar.<\/p>\n<p>Villa Usora po\u0142o\u017cona jest&nbsp;&nbsp;1,2km od centrum miasta, 50 metr\u00f3w od najbli\u017cszego sklepu spo\u017cywczego, 350m od pla\u017cy &#8222;Obala Sv. Nikole&#8220; .<\/p>\n<p>Gospodarze<\/p>\n","protected":false},"excerpt":{"rendered":"<p>Villa Usora po\u0142o\u017cona jest w samym sercu dzielnicy turystycznej &#8222;Makarska Riviera&#8220; w gminie Baska Voda. Ten nowy obiekt zosta\u0142 urz\u0105dzony wed\u0142ug najwy\u017cszych standard\u00f3w Chorwackiej Wsp\u00f3lnoty Turystycznej i znajduje si\u0119 w naturalnym malowniczym krajobrazie. W sezonie letnim oferujemy wysokiej jako\u015bci zakwaterowanie w naszych nowoczesnych apartamentach. Unikalne po\u0142\u0105czenie krystalicznie czystej wody morskiej i dziewiczej przyrody sprawiaj\u0105 ze [&hellip;]<\/p>\n","protected":false},"author":1,"featured_media":0,"parent":0,"menu_order":0,"comment_status":"open","ping_status":"open","template":"","meta":[],"_links":{"self":[{"href":"https:\/\/www.villausora.com\/index.php\/wp-json\/wp\/v2\/pages\/765"}],"collection":[{"href":"https:\/\/www.villausora.com\/index.php\/wp-json\/wp\/v2\/pages"}],"about":[{"href":"https:\/\/www.villausora.com\/index.php\/wp-json\/wp\/v2\/types\/page"}],"author":[{"embeddable":true,"href":"https:\/\/www.villausora.com\/index.php\/wp-json\/wp\/v2\/users\/1"}],"replies":[{"embeddable":true,"href":"https:\/\/www.villausora.com\/index.php\/wp-json\/wp\/v2\/comments?post=765"}],"version-history":[{"count":7,"href":"https:\/\/www.villausora.com\/index.php\/wp-json\/wp\/v2\/pages\/765\/revisions"}],"predecessor-version":[{"id":2784,"href":"https:\/\/www.villausora.com\/index.php\/wp-json\/wp\/v2\/pages\/765\/revisions\/2784"}],"wp:attachment":[{"href":"https:\/\/www.villausora.com\/index.php\/wp-json\/wp\/v2\/media?parent=765"}],"curies":[{"name":"wp","href":"https:\/\/api.w.org\/{rel}","templated":true}]}}